{"id":85,"date":"2022-09-29T13:17:34","date_gmt":"2022-09-29T11:17:34","guid":{"rendered":"https:\/\/kickbelgium.be\/?page_id=85"},"modified":"2024-07-03T08:56:29","modified_gmt":"2024-07-03T06:56:29","slug":"oplossingen-bibliotheek","status":"publish","type":"page","link":"https:\/\/kickbelgium.be\/nl\/oplossingen-bibliotheek\/","title":{"rendered":"Bibliotheek met oplossingen"},"content":{"rendered":"<p>[et_pb_section fb_built=\u00a0\u00bb1&Prime; module_class=\u00a0\u00bbban\u00a0\u00bb _builder_version=\u00a0\u00bb4.18.1&Prime; _module_preset=\u00a0\u00bbdefault\u00a0\u00bb background_enable_color=\u00a0\u00bboff\u00a0\u00bb background_image=\u00a0\u00bbhttps:\/\/kickbelgium.be\/wp-content\/uploads\/2022\/10\/solutions-semer.jpg\u00a0\u00bb global_colors_info=\u00a0\u00bb{}\u00a0\u00bb][et_pb_row column_structure=\u00a0\u00bb2_3,1_3&Prime; _builder_version=\u00a0\u00bb4.24.0&Prime; _module_preset=\u00a0\u00bbdefault\u00a0\u00bb global_colors_info=\u00a0\u00bb{}\u00a0\u00bb][et_pb_column type=\u00a0\u00bb2_3&Prime; _builder_version=\u00a0\u00bb4.18.0&Prime; _module_preset=\u00a0\u00bbdefault\u00a0\u00bb global_colors_info=\u00a0\u00bb{}\u00a0\u00bb][et_pb_text _builder_version=\u00a0\u00bb4.19.0&Prime; _module_preset=\u00a0\u00bbdefault\u00a0\u00bb text_text_color=\u00a0\u00bb#FFFFFF\u00a0\u00bb custom_padding=\u00a0\u00bb||0px|||\u00a0\u00bb global_colors_info=\u00a0\u00bb{}\u00a0\u00bb width__hover_enabled=\u00a0\u00bbon|desktop\u00a0\u00bb]<\/p>\n<h1>Biblioth\u00e8que d&rsquo;actions<\/h1>\n<p>Prot\u00e9ger ou restaurer la biodiversit\u00e9 ? Des solutions existent, il s\u2019agit d\u00e9sormais de les d\u00e9ployer. Cette biblioth\u00e8que d&rsquo;actions liste une s\u00e9rie de mesures r\u00e9plicables qui peuvent \u00eatre mises en place avec l\u2019aide de l\u2019un des porteurs de solution propos\u00e9.<\/p>\n<p>[\/et_pb_text][\/et_pb_column][et_pb_column type=\u00a0\u00bb1_3&Prime; _builder_version=\u00a0\u00bb4.18.0&Prime; _module_preset=\u00a0\u00bbdefault\u00a0\u00bb global_colors_info=\u00a0\u00bb{}\u00a0\u00bb][\/et_pb_column][\/et_pb_row][\/et_pb_section][et_pb_section fb_built=\u00a0\u00bb1&Prime; _builder_version=\u00a0\u00bb4.24.0&Prime; _module_preset=\u00a0\u00bbdefault\u00a0\u00bb background_color=\u00a0\u00bbRGBA(255,255,255,0)\u00a0\u00bb global_colors_info=\u00a0\u00bb{}\u00a0\u00bb][et_pb_row column_structure=\u00a0\u00bb3_4,1_4&Prime; _builder_version=\u00a0\u00bb4.19.0&Prime; _module_preset=\u00a0\u00bbdefault\u00a0\u00bb global_colors_info=\u00a0\u00bb{}\u00a0\u00bb][et_pb_column type=\u00a0\u00bb3_4&Prime; _builder_version=\u00a0\u00bb4.18.0&Prime; _module_preset=\u00a0\u00bbdefault\u00a0\u00bb global_colors_info=\u00a0\u00bb{}\u00a0\u00bb][et_pb_text _builder_version=\u00a0\u00bb4.24.0&Prime; _module_preset=\u00a0\u00bbdefault\u00a0\u00bb hover_enabled=\u00a0\u00bb0&Prime; global_colors_info=\u00a0\u00bb{}\u00a0\u00bb sticky_enabled=\u00a0\u00bb0&Prime;]<\/p>\n<h2>Biblioth\u00e8que d&rsquo;Actions en construction<\/h2>\n<p>Notre biblioth\u00e8que est aujourd\u2019hui loin d\u2019\u00eatre compl\u00e8te ! Vous connaissez une action avec impact concret sur la biodiversit\u00e9, r\u00e9plicable et mesurable ? Vous connaissez d\u2019autres porteurs d&rsquo;actions capables d\u2019accompagner les acteurs et actrices locaux dans la mise en \u0153uvre ? Cultivons l\u2019entraide ! Transmettez-nous vos solutions sur <a href=\"mailto:info@kickbelgium.be\">info@kickbelgium.be<\/a>. Nous les ajouterons aussi vite que possible \u00e0 cette biblioth\u00e8que.<\/p>\n<p>[\/et_pb_text][\/et_pb_column][et_pb_column type=\u00a0\u00bb1_4&Prime; disabled_on=\u00a0\u00bbon|off|off\u00a0\u00bb _builder_version=\u00a0\u00bb4.19.0&Prime; _module_preset=\u00a0\u00bbdefault\u00a0\u00bb global_colors_info=\u00a0\u00bb{}\u00a0\u00bb][\/et_pb_column][\/et_pb_row][et_pb_row _builder_version=\u00a0\u00bb4.18.0&Prime; _module_preset=\u00a0\u00bbdefault\u00a0\u00bb global_colors_info=\u00a0\u00bb{}\u00a0\u00bb][et_pb_column type=\u00a0\u00bb4_4&Prime; _builder_version=\u00a0\u00bb4.18.0&Prime; _module_preset=\u00a0\u00bbdefault\u00a0\u00bb global_colors_info=\u00a0\u00bb{}\u00a0\u00bb][et_pb_blog_extras use_category_filterable_blog=\u00a0\u00bbon\u00a0\u00bb show_all_posts_link=\u00a0\u00bbon\u00a0\u00bb posts_number=\u00a0\u00bb24&Prime; include_categories=\u00a0\u00bb11,13,15,14,10,12,22&Prime; blog_layout=\u00a0\u00bbblock_extended\u00a0\u00bb excerpt_length=\u00a0\u00bb250&Prime; use_read_more_button=\u00a0\u00bbon\u00a0\u00bb read_more_text=\u00a0\u00bbEn savoir plus\u00a0\u00bb show_author=\u00a0\u00bboff\u00a0\u00bb show_date=\u00a0\u00bboff\u00a0\u00bb show_comments=\u00a0\u00bboff\u00a0\u00bb show_load_more=\u00a0\u00bbon\u00a0\u00bb load_more_text=\u00a0\u00bbVoir plus de solutions\u00a0\u00bb _builder_version=\u00a0\u00bb4.20.0&Prime; _module_preset=\u00a0\u00bbdefault\u00a0\u00bb header_font=\u00a0\u00bb|700|||||||\u00a0\u00bb header_font_size=\u00a0\u00bb16px\u00a0\u00bb body_font_size=\u00a0\u00bb12px\u00a0\u00bb body_line_height=\u00a0\u00bb1.4em\u00a0\u00bb custom_read_more=\u00a0\u00bbon\u00a0\u00bb read_more_text_size=\u00a0\u00bb12px\u00a0\u00bb read_more_bg_color=\u00a0\u00bb#2D3142&Prime; global_colors_info=\u00a0\u00bb{}\u00a0\u00bb][\/et_pb_blog_extras][\/et_pb_column][\/et_pb_row][\/et_pb_section]<\/p>\n","protected":false},"excerpt":{"rendered":"<p>Biblioth\u00e8que d&rsquo;actions Prot\u00e9ger ou restaurer la biodiversit\u00e9 ? Des solutions existent, il s\u2019agit d\u00e9sormais de les d\u00e9ployer. Cette biblioth\u00e8que d&rsquo;actions liste une s\u00e9rie de mesures r\u00e9plicables qui peuvent \u00eatre mises en place avec l\u2019aide de l\u2019un des porteurs de solution propos\u00e9.Biblioth\u00e8que d&rsquo;Actions en construction Notre biblioth\u00e8que est aujourd\u2019hui loin d\u2019\u00eatre compl\u00e8te ! Vous connaissez une [&hellip;]<\/p>\n","protected":false},"author":1,"featured_media":2316,"parent":0,"menu_order":0,"comment_status":"closed","ping_status":"closed","template":"","meta":{"_acf_changed":false,"_et_pb_use_builder":"on","_et_pb_old_content":"<!-- wp:divi\/placeholder \/-->","_et_gb_content_width":"","footnotes":""},"class_list":["post-85","page","type-page","status-publish","has-post-thumbnail","hentry"],"acf":[],"_links":{"self":[{"href":"https:\/\/kickbelgium.be\/nl\/wp-json\/wp\/v2\/pages\/85","targetHints":{"allow":["GET"]}}],"collection":[{"href":"https:\/\/kickbelgium.be\/nl\/wp-json\/wp\/v2\/pages"}],"about":[{"href":"https:\/\/kickbelgium.be\/nl\/wp-json\/wp\/v2\/types\/page"}],"author":[{"embeddable":true,"href":"https:\/\/kickbelgium.be\/nl\/wp-json\/wp\/v2\/users\/1"}],"replies":[{"embeddable":true,"href":"https:\/\/kickbelgium.be\/nl\/wp-json\/wp\/v2\/comments?post=85"}],"version-history":[{"count":7,"href":"https:\/\/kickbelgium.be\/nl\/wp-json\/wp\/v2\/pages\/85\/revisions"}],"predecessor-version":[{"id":6170,"href":"https:\/\/kickbelgium.be\/nl\/wp-json\/wp\/v2\/pages\/85\/revisions\/6170"}],"wp:featuredmedia":[{"embeddable":true,"href":"https:\/\/kickbelgium.be\/nl\/wp-json\/wp\/v2\/media\/2316"}],"wp:attachment":[{"href":"https:\/\/kickbelgium.be\/nl\/wp-json\/wp\/v2\/media?parent=85"}],"curies":[{"name":"wp","href":"https:\/\/api.w.org\/{rel}","templated":true}]}}