{"id":31,"date":"2022-09-29T11:48:09","date_gmt":"2022-09-29T09:48:09","guid":{"rendered":"https:\/\/kickbelgium.be\/?page_id=31"},"modified":"2023-02-21T21:33:40","modified_gmt":"2023-02-21T20:33:40","slug":"live-vanuit-het-veld","status":"publish","type":"page","link":"https:\/\/kickbelgium.be\/nl\/live-vanuit-het-veld\/","title":{"rendered":"Live vanuit het veld"},"content":{"rendered":"<p>[et_pb_section fb_built=\u00a0\u00bb1&Prime; module_class=\u00a0\u00bbban\u00a0\u00bb _builder_version=\u00a0\u00bb4.18.1&Prime; _module_preset=\u00a0\u00bbdefault\u00a0\u00bb background_enable_color=\u00a0\u00bboff\u00a0\u00bb background_image=\u00a0\u00bbhttps:\/\/kickbelgium.be\/wp-content\/uploads\/2022\/10\/en-direct_strawberry_lukas.jpg\u00a0\u00bb background_position=\u00a0\u00bbbottom_center\u00a0\u00bb global_colors_info=\u00a0\u00bb{}\u00a0\u00bb][et_pb_row column_structure=\u00a0\u00bb3_5,2_5&Prime; _builder_version=\u00a0\u00bb4.19.0&Prime; _module_preset=\u00a0\u00bbdefault\u00a0\u00bb global_colors_info=\u00a0\u00bb{}\u00a0\u00bb][et_pb_column type=\u00a0\u00bb3_5&Prime; _builder_version=\u00a0\u00bb4.18.0&Prime; _module_preset=\u00a0\u00bbdefault\u00a0\u00bb global_colors_info=\u00a0\u00bb{}\u00a0\u00bb][et_pb_text _builder_version=\u00a0\u00bb4.19.0&Prime; _module_preset=\u00a0\u00bbdefault\u00a0\u00bb text_text_color=\u00a0\u00bb#FFFFFF\u00a0\u00bb width_last_edited=\u00a0\u00bboff|desktop\u00a0\u00bb global_colors_info=\u00a0\u00bb{}\u00a0\u00bb width__hover_enabled=\u00a0\u00bboff|desktop\u00a0\u00bb]<\/p>\n<h1>En direct du terrain<\/h1>\n<p>Si nous agissons en tant que communaut\u00e9, de mani\u00e8re coordonn\u00e9e, nous pouvons initier ensemble des changements \u00e0 court, moyen et long terme.<\/p>\n<p>[\/et_pb_text][et_pb_button button_url=\u00a0\u00bb@ET-DC@eyJkeW5hbWljIjp0cnVlLCJjb250ZW50IjoicG9zdF9saW5rX3VybF9wYWdlIiwic2V0dGluZ3MiOnsicG9zdF9pZCI6IjEzMiJ9fQ==@\u00a0\u00bb button_text=\u00a0\u00bbAgir dans ma commune\u00a0\u00bb _builder_version=\u00a0\u00bb4.18.0&Prime; _dynamic_attributes=\u00a0\u00bbbutton_url\u00a0\u00bb _module_preset=\u00a0\u00bbdefault\u00a0\u00bb custom_padding=\u00a0\u00bb10px||10px||true|false\u00a0\u00bb global_colors_info=\u00a0\u00bb{}\u00a0\u00bb][\/et_pb_button][\/et_pb_column][et_pb_column type=\u00a0\u00bb2_5&Prime; _builder_version=\u00a0\u00bb4.18.0&Prime; _module_preset=\u00a0\u00bbdefault\u00a0\u00bb global_colors_info=\u00a0\u00bb{}\u00a0\u00bb][\/et_pb_column][\/et_pb_row][\/et_pb_section][et_pb_section fb_built=\u00a0\u00bb1&Prime; _builder_version=\u00a0\u00bb4.18.0&Prime; _module_preset=\u00a0\u00bbdefault\u00a0\u00bb background_color=\u00a0\u00bbRGBA(255,255,255,0)\u00a0\u00bb global_colors_info=\u00a0\u00bb{}\u00a0\u00bb][et_pb_row _builder_version=\u00a0\u00bb4.18.0&Prime; _module_preset=\u00a0\u00bbdefault\u00a0\u00bb global_colors_info=\u00a0\u00bb{}\u00a0\u00bb][et_pb_column type=\u00a0\u00bb4_4&Prime; _builder_version=\u00a0\u00bb4.18.0&Prime; _module_preset=\u00a0\u00bbdefault\u00a0\u00bb global_colors_info=\u00a0\u00bb{}\u00a0\u00bb][et_pb_blog_extras use_category_filterable_blog=\u00a0\u00bbon\u00a0\u00bb show_all_posts_link=\u00a0\u00bbon\u00a0\u00bb posts_number=\u00a0\u00bb24&Prime; include_categories=\u00a0\u00bb34,37,33,36,35&Prime; blog_layout=\u00a0\u00bbblock_extended\u00a0\u00bb excerpt_length=\u00a0\u00bb250&Prime; use_read_more_button=\u00a0\u00bbon\u00a0\u00bb read_more_text=\u00a0\u00bbEn savoir plus\u00a0\u00bb show_author=\u00a0\u00bboff\u00a0\u00bb show_date=\u00a0\u00bboff\u00a0\u00bb show_comments=\u00a0\u00bboff\u00a0\u00bb show_load_more=\u00a0\u00bbon\u00a0\u00bb load_more_text=\u00a0\u00bbVoir plus de solutions\u00a0\u00bb _builder_version=\u00a0\u00bb4.20.0&Prime; _module_preset=\u00a0\u00bbdefault\u00a0\u00bb header_font=\u00a0\u00bb|700|||||||\u00a0\u00bb header_font_size=\u00a0\u00bb16px\u00a0\u00bb body_font_size=\u00a0\u00bb12px\u00a0\u00bb body_line_height=\u00a0\u00bb1.4em\u00a0\u00bb custom_read_more=\u00a0\u00bbon\u00a0\u00bb read_more_text_size=\u00a0\u00bb12px\u00a0\u00bb read_more_bg_color=\u00a0\u00bb#2D3142&Prime; hover_enabled=\u00a0\u00bb0&Prime; global_colors_info=\u00a0\u00bb{}\u00a0\u00bb sticky_enabled=\u00a0\u00bb0&Prime;][\/et_pb_blog_extras][\/et_pb_column][\/et_pb_row][\/et_pb_section]<\/p>\n","protected":false},"excerpt":{"rendered":"<p>En direct du terrain Si nous agissons en tant que communaut\u00e9, de mani\u00e8re coordonn\u00e9e, nous pouvons initier ensemble des changements \u00e0 court, moyen et long terme.<\/p>","protected":false},"author":1,"featured_media":2313,"parent":0,"menu_order":0,"comment_status":"closed","ping_status":"closed","template":"","meta":{"_acf_changed":false,"_et_pb_use_builder":"on","_et_pb_old_content":"<!-- wp:divi\/placeholder \/-->","_et_gb_content_width":"","footnotes":""},"class_list":["post-31","page","type-page","status-publish","has-post-thumbnail","hentry"],"acf":[],"_links":{"self":[{"href":"https:\/\/kickbelgium.be\/nl\/wp-json\/wp\/v2\/pages\/31","targetHints":{"allow":["GET"]}}],"collection":[{"href":"https:\/\/kickbelgium.be\/nl\/wp-json\/wp\/v2\/pages"}],"about":[{"href":"https:\/\/kickbelgium.be\/nl\/wp-json\/wp\/v2\/types\/page"}],"author":[{"embeddable":true,"href":"https:\/\/kickbelgium.be\/nl\/wp-json\/wp\/v2\/users\/1"}],"replies":[{"embeddable":true,"href":"https:\/\/kickbelgium.be\/nl\/wp-json\/wp\/v2\/comments?post=31"}],"version-history":[{"count":2,"href":"https:\/\/kickbelgium.be\/nl\/wp-json\/wp\/v2\/pages\/31\/revisions"}],"predecessor-version":[{"id":3961,"href":"https:\/\/kickbelgium.be\/nl\/wp-json\/wp\/v2\/pages\/31\/revisions\/3961"}],"wp:featuredmedia":[{"embeddable":true,"href":"https:\/\/kickbelgium.be\/nl\/wp-json\/wp\/v2\/media\/2313"}],"wp:attachment":[{"href":"https:\/\/kickbelgium.be\/nl\/wp-json\/wp\/v2\/media?parent=31"}],"curies":[{"name":"wp","href":"https:\/\/api.w.org\/{rel}","templated":true}]}}